{"id":146,"date":"2021-05-11T05:32:04","date_gmt":"2021-05-11T05:32:04","guid":{"rendered":"https:\/\/www.ammotel.sk\/amenities\/"},"modified":"2024-06-11T10:30:59","modified_gmt":"2024-06-11T08:30:59","slug":"okoliemotela","status":"publish","type":"page","link":"https:\/\/www.ammotel.sk\/en\/okoliemotela\/","title":{"rendered":"Sightseeing"},"content":{"rendered":"\t\t<div data-elementor-type=\"wp-page\" data-elementor-id=\"146\" class=\"elementor elementor-146\">\n\t\t\t\t<div class=\"elementor-element elementor-element-05b0b34 e-flex e-con-boxed e-con e-parent\" data-id=\"05b0b34\" data-element_type=\"container\" data-e-type=\"container\" data-settings=\"{&quot;background_background&quot;:&quot;slideshow&quot;,&quot;background_slideshow_gallery&quot;:[{&quot;id&quot;:951,&quot;url&quot;:&quot;https:\\\/\\\/www.ammotel.sk\\\/wp-content\\\/uploads\\\/2024\\\/03\\\/DJI_0155-1-scaled-1.jpg&quot;}],&quot;background_slideshow_loop&quot;:&quot;yes&quot;,&quot;background_slideshow_slide_duration&quot;:5000,&quot;background_slideshow_slide_transition&quot;:&quot;fade&quot;,&quot;background_slideshow_transition_duration&quot;:500}\">\n\t\t\t\t\t<div class=\"e-con-inner\">\n\t\t<div class=\"elementor-element elementor-element-ee8ebfd e-con-full e-flex e-con e-child\" data-id=\"ee8ebfd\" data-element_type=\"container\" data-e-type=\"container\">\n\t\t\t\t<div class=\"elementor-element elementor-element-dbeb786 elementor-widget elementor-widget-heading\" data-id=\"dbeb786\" data-element_type=\"widget\" data-e-type=\"widget\" data-widget_type=\"heading.default\">\n\t\t\t\t<div class=\"elementor-widget-container\">\n\t\t\t\t\t<h1 class=\"elementor-heading-title elementor-size-default\">Spoznajte okolie motela <\/h1>\t\t\t\t<\/div>\n\t\t\t\t<\/div>\n\t\t\t\t<\/div>\n\t\t\t\t\t<\/div>\n\t\t\t\t<\/div>\n\t\t<div class=\"elementor-element elementor-element-63d98ff e-flex e-con-boxed e-con e-parent\" data-id=\"63d98ff\" data-element_type=\"container\" data-e-type=\"container\" data-settings=\"{&quot;background_background&quot;:&quot;classic&quot;}\">\n\t\t\t\t\t<div class=\"e-con-inner\">\n\t\t<div class=\"elementor-element elementor-element-c0a3cb7 e-con-full e-flex e-con e-child\" data-id=\"c0a3cb7\" data-element_type=\"container\" data-e-type=\"container\">\n\t\t<div class=\"elementor-element elementor-element-b9fc0e4 e-flex e-con-boxed e-con e-child\" data-id=\"b9fc0e4\" data-element_type=\"container\" data-e-type=\"container\">\n\t\t\t\t\t<div class=\"e-con-inner\">\n\t\t\t\t<div class=\"elementor-element elementor-element-25e4f90 elementor-widget__width-initial elementor-widget-tablet__width-initial elementor-widget-mobile__width-inherit elementor-widget elementor-widget-image-box\" data-id=\"25e4f90\" data-element_type=\"widget\" data-e-type=\"widget\" data-widget_type=\"image-box.default\">\n\t\t\t\t<div class=\"elementor-widget-container\">\n\t\t\t\t\t<div class=\"elementor-image-box-wrapper\"><div class=\"elementor-image-box-content\"><h2 class=\"elementor-image-box-title\">Okolie motela<\/h2><p class=\"elementor-image-box-description\">Okrem komfortn\u00e9ho ubytovania v moteli AM Motel v Rimavskej Sobote si u\u017eijete aj kr\u00e1sy okolia. Nav\u0161t\u00edvte K\u00fapalisko  Kurinec - Zelen\u00e1 voda, odd\u00fdchnite si vo wellness centre v hoteli AM Hotel Wellness v centre mesta, alebo presk\u00famajte historick\u00e9 pamiatky a malebn\u00e9 uli\u010dky Rimavskej Soboty.<\/p><\/div><\/div>\t\t\t\t<\/div>\n\t\t\t\t<\/div>\n\t\t\t\t<div class=\"elementor-element elementor-element-22d0858 elementor-align-right elementor-widget__width-initial elementor-mobile-align-left elementor-widget-tablet__width-initial elementor-widget-mobile__width-inherit elementor-widget elementor-widget-button\" data-id=\"22d0858\" data-element_type=\"widget\" data-e-type=\"widget\" data-widget_type=\"button.default\">\n\t\t\t\t<div class=\"elementor-widget-container\">\n\t\t\t\t\t\t\t\t\t<div class=\"elementor-button-wrapper\">\n\t\t\t\t\t<a class=\"elementor-button elementor-button-link elementor-size-sm\" href=\"#\">\n\t\t\t\t\t\t<span class=\"elementor-button-content-wrapper\">\n\t\t\t\t\t\t\t\t\t<span class=\"elementor-button-text\">Rezerv\u00e1cia<\/span>\n\t\t\t\t\t<\/span>\n\t\t\t\t\t<\/a>\n\t\t\t\t<\/div>\n\t\t\t\t\t\t\t\t<\/div>\n\t\t\t\t<\/div>\n\t\t\t\t\t<\/div>\n\t\t\t\t<\/div>\n\t\t<div class=\"elementor-element elementor-element-6bde82d e-con-full e-flex e-con e-child\" data-id=\"6bde82d\" data-element_type=\"container\" data-e-type=\"container\">\n\t\t<div class=\"elementor-element elementor-element-aeecb9c e-con-full e-flex e-con e-child\" data-id=\"aeecb9c\" data-element_type=\"container\" data-e-type=\"container\">\n\t\t\t\t<div class=\"elementor-element elementor-element-fda1407 elementor-widget elementor-widget-image\" data-id=\"fda1407\" data-element_type=\"widget\" data-e-type=\"widget\" data-widget_type=\"image.default\">\n\t\t\t\t<div class=\"elementor-widget-container\">\n\t\t\t\t\t\t\t\t\t\t\t\t\t\t\t<img fetchpriority=\"high\" decoding=\"async\" width=\"590\" height=\"391\" src=\"https:\/\/www.ammotel.sk\/wp-content\/uploads\/2024\/03\/i_4098958.jpg\" class=\"attachment-full size-full wp-image-948\" alt=\"Kurinec zelen\u00e1 voda Rimavsk\u00e1 Sobota - k\u00fapalisko\" srcset=\"https:\/\/www.ammotel.sk\/wp-content\/uploads\/2024\/03\/i_4098958.jpg 590w, https:\/\/www.ammotel.sk\/wp-content\/uploads\/2024\/03\/i_4098958-300x199.jpg 300w\" sizes=\"(max-width: 590px) 100vw, 590px\" \/>\t\t\t\t\t\t\t\t\t\t\t\t\t\t\t<\/div>\n\t\t\t\t<\/div>\n\t\t\t\t<div class=\"elementor-element elementor-element-433ab22 elementor-widget elementor-widget-image-box\" data-id=\"433ab22\" data-element_type=\"widget\" data-e-type=\"widget\" data-widget_type=\"image-box.default\">\n\t\t\t\t<div class=\"elementor-widget-container\">\n\t\t\t\t\t<div class=\"elementor-image-box-wrapper\"><div class=\"elementor-image-box-content\"><h3 class=\"elementor-image-box-title\">Zelen\u00e1 voda Kurinec<\/h3><p class=\"elementor-image-box-description\">Rekrea\u010dn\u00e1 oblas\u0165 Kurinec - Zelen\u00e1 voda le\u017e\u00ed v ju\u017enej \u010dasti stredn\u00e9ho Slovenska, pribli\u017ene 4 km ju\u017ene od mesta Rimavsk\u00e1 Sobota. Letn\u00fd rekrea\u010dn\u00fd are\u00e1l Zelen\u00e1 voda spravovan\u00fd Technick\u00fdmi slu\u017ebami mesta Rimavsk\u00e1 Sobota je po\u010das sez\u00f3ny vyh\u013ead\u00e1van\u00fd miestnymi i \u013eu\u010fmi zo \u0161ir\u0161ieho okolia.<\/p><\/div><\/div>\t\t\t\t<\/div>\n\t\t\t\t<\/div>\n\t\t\t\t<div class=\"elementor-element elementor-element-69f0c3a elementor-widget elementor-widget-button\" data-id=\"69f0c3a\" data-element_type=\"widget\" data-e-type=\"widget\" data-widget_type=\"button.default\">\n\t\t\t\t<div class=\"elementor-widget-container\">\n\t\t\t\t\t\t\t\t\t<div class=\"elementor-button-wrapper\">\n\t\t\t\t\t<a class=\"elementor-button elementor-button-link elementor-size-sm\" href=\"https:\/\/www.rimavskasobota.sk\/rekreacna-oblast-kurinec-zelena-voda.phtml?id3=42100\">\n\t\t\t\t\t\t<span class=\"elementor-button-content-wrapper\">\n\t\t\t\t\t\t\t\t\t<span class=\"elementor-button-text\">Viac<\/span>\n\t\t\t\t\t<\/span>\n\t\t\t\t\t<\/a>\n\t\t\t\t<\/div>\n\t\t\t\t\t\t\t\t<\/div>\n\t\t\t\t<\/div>\n\t\t\t\t<\/div>\n\t\t<div class=\"elementor-element elementor-element-1493cc7 e-con-full e-flex e-con e-child\" data-id=\"1493cc7\" data-element_type=\"container\" data-e-type=\"container\">\n\t\t\t\t<div class=\"elementor-element elementor-element-c51cd77 elementor-widget elementor-widget-image\" data-id=\"c51cd77\" data-element_type=\"widget\" data-e-type=\"widget\" data-widget_type=\"image.default\">\n\t\t\t\t<div class=\"elementor-widget-container\">\n\t\t\t\t\t\t\t\t\t\t\t\t\t\t\t<img decoding=\"async\" width=\"590\" height=\"391\" src=\"https:\/\/www.ammotel.sk\/wp-content\/uploads\/2024\/03\/i_4098958-1.jpg\" class=\"attachment-full size-full wp-image-950\" alt=\"AM hotel wellness\" srcset=\"https:\/\/www.ammotel.sk\/wp-content\/uploads\/2024\/03\/i_4098958-1.jpg 590w, https:\/\/www.ammotel.sk\/wp-content\/uploads\/2024\/03\/i_4098958-1-300x199.jpg 300w\" sizes=\"(max-width: 590px) 100vw, 590px\" \/>\t\t\t\t\t\t\t\t\t\t\t\t\t\t\t<\/div>\n\t\t\t\t<\/div>\n\t\t\t\t<div class=\"elementor-element elementor-element-4062992 elementor-widget elementor-widget-image-box\" data-id=\"4062992\" data-element_type=\"widget\" data-e-type=\"widget\" data-widget_type=\"image-box.default\">\n\t\t\t\t<div class=\"elementor-widget-container\">\n\t\t\t\t\t<div class=\"elementor-image-box-wrapper\"><div class=\"elementor-image-box-content\"><h3 class=\"elementor-image-box-title\">Wellness aj pre verejnos\u0165<\/h3><p class=\"elementor-image-box-description\">H\u013ead\u00e1te oddych a relax? Nav\u0161t\u00edvte wellness v centre mesta, dostupn\u00fd aj pre verejnos\u0165! Doprajte si uvo\u013enenie v mas\u00e1\u017enom baz\u00e9ne, zahrejte sa vo f\u00ednskej, infra alebo parnej saune a na\u010derpajte nov\u00fa energiu v tepid\u00e1riu.<br>\n<br><\/p><\/div><\/div>\t\t\t\t<\/div>\n\t\t\t\t<\/div>\n\t\t\t\t<div class=\"elementor-element elementor-element-89a12c1 elementor-widget elementor-widget-button\" data-id=\"89a12c1\" data-element_type=\"widget\" data-e-type=\"widget\" data-widget_type=\"button.default\">\n\t\t\t\t<div class=\"elementor-widget-container\">\n\t\t\t\t\t\t\t\t\t<div class=\"elementor-button-wrapper\">\n\t\t\t\t\t<a class=\"elementor-button elementor-button-link elementor-size-sm\" href=\"https:\/\/amhotel.sk\/wellness\/\">\n\t\t\t\t\t\t<span class=\"elementor-button-content-wrapper\">\n\t\t\t\t\t\t\t\t\t<span class=\"elementor-button-text\">Viac<\/span>\n\t\t\t\t\t<\/span>\n\t\t\t\t\t<\/a>\n\t\t\t\t<\/div>\n\t\t\t\t\t\t\t\t<\/div>\n\t\t\t\t<\/div>\n\t\t\t\t<\/div>\n\t\t\t\t<\/div>\n\t\t\t\t<\/div>\n\t\t\t\t\t<\/div>\n\t\t\t\t<\/div>\n\t\t<div class=\"elementor-element elementor-element-a6f68d8 e-transform e-flex e-con-boxed e-con e-parent\" data-id=\"a6f68d8\" data-element_type=\"container\" data-e-type=\"container\" data-settings=\"{&quot;background_background&quot;:&quot;classic&quot;,&quot;_transform_translateX_effect&quot;:{&quot;unit&quot;:&quot;px&quot;,&quot;size&quot;:&quot;&quot;,&quot;sizes&quot;:[]},&quot;_transform_translateX_effect_tablet&quot;:{&quot;unit&quot;:&quot;px&quot;,&quot;size&quot;:&quot;&quot;,&quot;sizes&quot;:[]},&quot;_transform_translateX_effect_mobile&quot;:{&quot;unit&quot;:&quot;px&quot;,&quot;size&quot;:&quot;&quot;,&quot;sizes&quot;:[]},&quot;_transform_translateY_effect&quot;:{&quot;unit&quot;:&quot;px&quot;,&quot;size&quot;:&quot;&quot;,&quot;sizes&quot;:[]},&quot;_transform_translateY_effect_tablet&quot;:{&quot;unit&quot;:&quot;px&quot;,&quot;size&quot;:&quot;&quot;,&quot;sizes&quot;:[]},&quot;_transform_translateY_effect_mobile&quot;:{&quot;unit&quot;:&quot;px&quot;,&quot;size&quot;:&quot;&quot;,&quot;sizes&quot;:[]}}\">\n\t\t\t\t\t<div class=\"e-con-inner\">\n\t\t<div class=\"elementor-element elementor-element-4ff8969 e-con-full e-flex e-con e-child\" data-id=\"4ff8969\" data-element_type=\"container\" data-e-type=\"container\">\n\t\t\t\t<div class=\"elementor-element elementor-element-ed5c9c0 elementor-widget elementor-widget-heading\" data-id=\"ed5c9c0\" data-element_type=\"widget\" data-e-type=\"widget\" data-widget_type=\"heading.default\">\n\t\t\t\t<div class=\"elementor-widget-container\">\n\t\t\t\t\t<h2 class=\"elementor-heading-title elementor-size-default\">Rezervujte si lacn\u00e9 a modern\u00e9 ubytovanie e\u0161te dnes!<\/h2>\t\t\t\t<\/div>\n\t\t\t\t<\/div>\n\t\t\t\t<div class=\"elementor-element elementor-element-536d481 elementor-widget elementor-widget-text-editor\" data-id=\"536d481\" data-element_type=\"widget\" data-e-type=\"widget\" data-widget_type=\"text-editor.default\">\n\t\t\t\t<div class=\"elementor-widget-container\">\n\t\t\t\t\t\t\t\t\t<p>Motel sa nach\u00e1dza pri hlavnej ceste R2 &#8211; Ko\u0161ick\u00e1 v Rimavskej Sobote.<\/p>\t\t\t\t\t\t\t\t<\/div>\n\t\t\t\t<\/div>\n\t\t\t\t<div class=\"elementor-element elementor-element-52056c8 elementor-widget elementor-widget-heading\" data-id=\"52056c8\" data-element_type=\"widget\" data-e-type=\"widget\" data-widget_type=\"heading.default\">\n\t\t\t\t<div class=\"elementor-widget-container\">\n\t\t\t\t\t<p class=\"elementor-heading-title elementor-size-default\">Rezervova\u0165 ubytovanie<\/p>\t\t\t\t<\/div>\n\t\t\t\t<\/div>\n\t\t\t\t<div class=\"elementor-element elementor-element-dd4eea0 elementor-align-center elementor-icon-list--layout-traditional elementor-list-item-link-full_width elementor-widget elementor-widget-icon-list\" data-id=\"dd4eea0\" data-element_type=\"widget\" data-e-type=\"widget\" data-widget_type=\"icon-list.default\">\n\t\t\t\t<div class=\"elementor-widget-container\">\n\t\t\t\t\t\t\t<ul class=\"elementor-icon-list-items\">\n\t\t\t\t\t\t\t<li class=\"elementor-icon-list-item\">\n\t\t\t\t\t\t\t\t\t\t\t<span class=\"elementor-icon-list-icon\">\n\t\t\t\t\t\t\t<svg aria-hidden=\"true\" class=\"e-font-icon-svg e-fas-phone-alt\" viewBox=\"0 0 512 512\" xmlns=\"http:\/\/www.w3.org\/2000\/svg\"><path d=\"M497.39 361.8l-112-48a24 24 0 0 0-28 6.9l-49.6 60.6A370.66 370.66 0 0 1 130.6 204.11l60.6-49.6a23.94 23.94 0 0 0 6.9-28l-48-112A24.16 24.16 0 0 0 122.6.61l-104 24A24 24 0 0 0 0 48c0 256.5 207.9 464 464 464a24 24 0 0 0 23.4-18.6l24-104a24.29 24.29 0 0 0-14.01-27.6z\"><\/path><\/svg>\t\t\t\t\t\t<\/span>\n\t\t\t\t\t\t\t\t\t\t<span class=\"elementor-icon-list-text\">+421 905 745 308 <\/span>\n\t\t\t\t\t\t\t\t\t<\/li>\n\t\t\t\t\t\t<\/ul>\n\t\t\t\t\t\t<\/div>\n\t\t\t\t<\/div>\n\t\t\t\t<\/div>\n\t\t\t\t\t<\/div>\n\t\t\t\t<\/div>\n\t\t\t\t<\/div>\n\t\t","protected":false},"excerpt":{"rendered":"<p>Spoznajte okolie motela Okolie motela Okrem komfortn\u00e9ho ubytovania v moteli AM Motel v Rimavskej Sobote si u\u017eijete aj kr\u00e1sy okolia. Nav\u0161t\u00edvte K\u00fapalisko Kurinec &#8211; Zelen\u00e1 voda, odd\u00fdchnite si vo wellness centre v hoteli AM Hotel Wellness v centre mesta, alebo presk\u00famajte historick\u00e9 pamiatky a malebn\u00e9 uli\u010dky Rimavskej Soboty. Rezerv\u00e1cia Zelen\u00e1 voda Kurinec Rekrea\u010dn\u00e1 oblas\u0165 Kurinec [&hellip;]<\/p>\n","protected":false},"author":1,"featured_media":0,"parent":0,"menu_order":0,"comment_status":"closed","ping_status":"closed","template":"","meta":{"_uag_custom_page_level_css":"","_monsterinsights_skip_tracking":false,"_monsterinsights_sitenote_active":false,"_monsterinsights_sitenote_note":"","_monsterinsights_sitenote_category":0,"site-sidebar-layout":"no-sidebar","site-content-layout":"page-builder","ast-site-content-layout":"full-width-container","site-content-style":"unboxed","site-sidebar-style":"unboxed","ast-global-header-display":"","ast-banner-title-visibility":"","ast-main-header-display":"","ast-hfb-above-header-display":"","ast-hfb-below-header-display":"","ast-hfb-mobile-header-display":"","site-post-title":"disabled","ast-breadcrumbs-content":"","ast-featured-img":"disabled","footer-sml-layout":"","ast-disable-related-posts":"","theme-transparent-header-meta":"enabled","adv-header-id-meta":"","stick-header-meta":"","header-above-stick-meta":"","header-main-stick-meta":"","header-below-stick-meta":"","astra-migrate-meta-layouts":"set","ast-page-background-enabled":"default","ast-page-background-meta":{"desktop":{"background-color":"","background-image":"","background-repeat":"repeat","background-position":"center center","background-size":"auto","background-attachment":"scroll","background-type":"","background-media":"","overlay-type":"","overlay-color":"","overlay-opacity":"","overlay-gradient":""},"tablet":{"background-color":"","background-image":"","background-repeat":"repeat","background-position":"center center","background-size":"auto","background-attachment":"scroll","background-type":"","background-media":"","overlay-type":"","overlay-color":"","overlay-opacity":"","overlay-gradient":""},"mobile":{"background-color":"","background-image":"","background-repeat":"repeat","background-position":"center center","background-size":"auto","background-attachment":"scroll","background-type":"","background-media":"","overlay-type":"","overlay-color":"","overlay-opacity":"","overlay-gradient":""}},"ast-content-background-meta":{"desktop":{"background-color":"var(--ast-global-color-5)","background-image":"","background-repeat":"repeat","background-position":"center center","background-size":"auto","background-attachment":"scroll","background-type":"","background-media":"","overlay-type":"","overlay-color":"","overlay-opacity":"","overlay-gradient":""},"tablet":{"background-color":"var(--ast-global-color-5)","background-image":"","background-repeat":"repeat","background-position":"center center","background-size":"auto","background-attachment":"scroll","background-type":"","background-media":"","overlay-type":"","overlay-color":"","overlay-opacity":"","overlay-gradient":""},"mobile":{"background-color":"var(--ast-global-color-5)","background-image":"","background-repeat":"repeat","background-position":"center center","background-size":"auto","background-attachment":"scroll","background-type":"","background-media":"","overlay-type":"","overlay-color":"","overlay-opacity":"","overlay-gradient":""}},"footnotes":""},"class_list":["post-146","page","type-page","status-publish","hentry"],"yoast_head":"<!-- This site is optimized with the Yoast SEO plugin v27.2 - https:\/\/yoast.com\/product\/yoast-seo-wordpress\/ -->\n<title>Okolie motela - AM Motel<\/title>\n<meta name=\"description\" content=\"N\u00e1\u0161 motel sa nach\u00e1dza v ide\u00e1lnej polohe v centre Rimavskej Soboty, tak\u017ee m\u00e1te v\u0161etko na dosah ruky. V pe\u0161ej vzdialenosti n\u00e1jdete historick\u00e9 pamiatky, re\u0161taur\u00e1cie, kaviarne, obchody a z\u00e1bavn\u00e9 podniky.\" \/>\n<meta name=\"robots\" content=\"index, follow, max-snippet:-1, max-image-preview:large, max-video-preview:-1\" \/>\n<link rel=\"canonical\" href=\"https:\/\/www.ammotel.sk\/en\/okoliemotela\/\" \/>\n<meta property=\"og:locale\" content=\"en_GB\" \/>\n<meta property=\"og:type\" content=\"article\" \/>\n<meta property=\"og:title\" content=\"Okolie motela - AM Motel\" \/>\n<meta property=\"og:description\" content=\"N\u00e1\u0161 motel sa nach\u00e1dza v ide\u00e1lnej polohe v centre Rimavskej Soboty, tak\u017ee m\u00e1te v\u0161etko na dosah ruky. V pe\u0161ej vzdialenosti n\u00e1jdete historick\u00e9 pamiatky, re\u0161taur\u00e1cie, kaviarne, obchody a z\u00e1bavn\u00e9 podniky.\" \/>\n<meta property=\"og:url\" content=\"https:\/\/www.ammotel.sk\/en\/okoliemotela\/\" \/>\n<meta property=\"og:site_name\" content=\"AM Motel\" \/>\n<meta property=\"article:modified_time\" content=\"2024-06-11T08:30:59+00:00\" \/>\n<meta property=\"og:image\" content=\"https:\/\/www.ammotel.sk\/wp-content\/uploads\/2024\/03\/i_4098958.jpg\" \/>\n<meta name=\"twitter:card\" content=\"summary_large_image\" \/>\n<meta name=\"twitter:label1\" content=\"Estimated reading time\" \/>\n\t<meta name=\"twitter:data1\" content=\"2 minutes\" \/>\n<script type=\"application\/ld+json\" class=\"yoast-schema-graph\">{\"@context\":\"https:\/\/schema.org\",\"@graph\":[{\"@type\":\"WebPage\",\"@id\":\"https:\/\/www.ammotel.sk\/okoliemotela\/\",\"url\":\"https:\/\/www.ammotel.sk\/okoliemotela\/\",\"name\":\"Okolie motela - AM Motel\",\"isPartOf\":{\"@id\":\"https:\/\/www.ammotel.sk\/#website\"},\"primaryImageOfPage\":{\"@id\":\"https:\/\/www.ammotel.sk\/okoliemotela\/#primaryimage\"},\"image\":{\"@id\":\"https:\/\/www.ammotel.sk\/okoliemotela\/#primaryimage\"},\"thumbnailUrl\":\"https:\/\/www.ammotel.sk\/wp-content\/uploads\/2024\/03\/i_4098958.jpg\",\"datePublished\":\"2021-05-11T05:32:04+00:00\",\"dateModified\":\"2024-06-11T08:30:59+00:00\",\"description\":\"N\u00e1\u0161 motel sa nach\u00e1dza v ide\u00e1lnej polohe v centre Rimavskej Soboty, tak\u017ee m\u00e1te v\u0161etko na dosah ruky. V pe\u0161ej vzdialenosti n\u00e1jdete historick\u00e9 pamiatky, re\u0161taur\u00e1cie, kaviarne, obchody a z\u00e1bavn\u00e9 podniky.\",\"breadcrumb\":{\"@id\":\"https:\/\/www.ammotel.sk\/okoliemotela\/#breadcrumb\"},\"inLanguage\":\"en-GB\",\"potentialAction\":[{\"@type\":\"ReadAction\",\"target\":[\"https:\/\/www.ammotel.sk\/okoliemotela\/\"]}]},{\"@type\":\"ImageObject\",\"inLanguage\":\"en-GB\",\"@id\":\"https:\/\/www.ammotel.sk\/okoliemotela\/#primaryimage\",\"url\":\"https:\/\/www.ammotel.sk\/wp-content\/uploads\/2024\/03\/i_4098958.jpg\",\"contentUrl\":\"https:\/\/www.ammotel.sk\/wp-content\/uploads\/2024\/03\/i_4098958.jpg\"},{\"@type\":\"BreadcrumbList\",\"@id\":\"https:\/\/www.ammotel.sk\/okoliemotela\/#breadcrumb\",\"itemListElement\":[{\"@type\":\"ListItem\",\"position\":1,\"name\":\"Domov\",\"item\":\"https:\/\/www.ammotel.sk\/\"},{\"@type\":\"ListItem\",\"position\":2,\"name\":\"Okolie motela\"}]},{\"@type\":\"WebSite\",\"@id\":\"https:\/\/www.ammotel.sk\/#website\",\"url\":\"https:\/\/www.ammotel.sk\/\",\"name\":\"AM Motel\",\"description\":\"Ubytovanie v Rimavskej Sobote\",\"publisher\":{\"@id\":\"https:\/\/www.ammotel.sk\/#organization\"},\"alternateName\":\"Ubytovanie v Rimavskej Sobote\",\"potentialAction\":[{\"@type\":\"SearchAction\",\"target\":{\"@type\":\"EntryPoint\",\"urlTemplate\":\"https:\/\/www.ammotel.sk\/?s={search_term_string}\"},\"query-input\":{\"@type\":\"PropertyValueSpecification\",\"valueRequired\":true,\"valueName\":\"search_term_string\"}}],\"inLanguage\":\"en-GB\"},{\"@type\":\"Organization\",\"@id\":\"https:\/\/www.ammotel.sk\/#organization\",\"name\":\"AM Motel\",\"alternateName\":\"Ubytovanie v Rimavskej Sobote\",\"url\":\"https:\/\/www.ammotel.sk\/\",\"logo\":{\"@type\":\"ImageObject\",\"inLanguage\":\"en-GB\",\"@id\":\"https:\/\/www.ammotel.sk\/#\/schema\/logo\/image\/\",\"url\":\"https:\/\/www.ammotel.sk\/wp-content\/uploads\/2024\/03\/am_hotel_logos_Artboard_1_copy_21-removebg-preview.png\",\"contentUrl\":\"https:\/\/www.ammotel.sk\/wp-content\/uploads\/2024\/03\/am_hotel_logos_Artboard_1_copy_21-removebg-preview.png\",\"width\":514,\"height\":486,\"caption\":\"AM Motel\"},\"image\":{\"@id\":\"https:\/\/www.ammotel.sk\/#\/schema\/logo\/image\/\"}}]}<\/script>\n<!-- \/ Yoast SEO plugin. -->","yoast_head_json":{"title":"Motel Surroundings - AM Motel","description":"Our motel is ideally located in the centre of Rimavsk\u00e1 Sobota, putting everything at your fingertips. Within walking distance, you'll find historical monuments, restaurants, cafes, shops, and entertainment venues.","robots":{"index":"index","follow":"follow","max-snippet":"max-snippet:-1","max-image-preview":"max-image-preview:large","max-video-preview":"max-video-preview:-1"},"canonical":"https:\/\/www.ammotel.sk\/en\/okoliemotela\/","og_locale":"en_GB","og_type":"article","og_title":"Okolie motela - AM Motel","og_description":"N\u00e1\u0161 motel sa nach\u00e1dza v ide\u00e1lnej polohe v centre Rimavskej Soboty, tak\u017ee m\u00e1te v\u0161etko na dosah ruky. V pe\u0161ej vzdialenosti n\u00e1jdete historick\u00e9 pamiatky, re\u0161taur\u00e1cie, kaviarne, obchody a z\u00e1bavn\u00e9 podniky.","og_url":"https:\/\/www.ammotel.sk\/en\/okoliemotela\/","og_site_name":"AM Motel","article_modified_time":"2024-06-11T08:30:59+00:00","og_image":[{"url":"https:\/\/www.ammotel.sk\/wp-content\/uploads\/2024\/03\/i_4098958.jpg","type":"","width":"","height":""}],"twitter_card":"summary_large_image","twitter_misc":{"Estimated reading time":"2 minutes"},"schema":{"@context":"https:\/\/schema.org","@graph":[{"@type":"WebPage","@id":"https:\/\/www.ammotel.sk\/okoliemotela\/","url":"https:\/\/www.ammotel.sk\/okoliemotela\/","name":"Motel Surroundings - AM Motel","isPartOf":{"@id":"https:\/\/www.ammotel.sk\/#website"},"primaryImageOfPage":{"@id":"https:\/\/www.ammotel.sk\/okoliemotela\/#primaryimage"},"image":{"@id":"https:\/\/www.ammotel.sk\/okoliemotela\/#primaryimage"},"thumbnailUrl":"https:\/\/www.ammotel.sk\/wp-content\/uploads\/2024\/03\/i_4098958.jpg","datePublished":"2021-05-11T05:32:04+00:00","dateModified":"2024-06-11T08:30:59+00:00","description":"Our motel is ideally located in the centre of Rimavsk\u00e1 Sobota, putting everything at your fingertips. Within walking distance, you'll find historical monuments, restaurants, cafes, shops, and entertainment venues.","breadcrumb":{"@id":"https:\/\/www.ammotel.sk\/okoliemotela\/#breadcrumb"},"inLanguage":"en-GB","potentialAction":[{"@type":"ReadAction","target":["https:\/\/www.ammotel.sk\/okoliemotela\/"]}]},{"@type":"ImageObject","inLanguage":"en-GB","@id":"https:\/\/www.ammotel.sk\/okoliemotela\/#primaryimage","url":"https:\/\/www.ammotel.sk\/wp-content\/uploads\/2024\/03\/i_4098958.jpg","contentUrl":"https:\/\/www.ammotel.sk\/wp-content\/uploads\/2024\/03\/i_4098958.jpg"},{"@type":"BreadcrumbList","@id":"https:\/\/www.ammotel.sk\/okoliemotela\/#breadcrumb","itemListElement":[{"@type":"ListItem","position":1,"name":"Domov","item":"https:\/\/www.ammotel.sk\/"},{"@type":"ListItem","position":2,"name":"Okolie motela"}]},{"@type":"WebSite","@id":"https:\/\/www.ammotel.sk\/#website","url":"https:\/\/www.ammotel.sk\/","name":"AM Motel","description":"Accommodation in Rimavska Sobota","publisher":{"@id":"https:\/\/www.ammotel.sk\/#organization"},"alternateName":"Ubytovanie v Rimavskej Sobote","potentialAction":[{"@type":"SearchAction","target":{"@type":"EntryPoint","urlTemplate":"https:\/\/www.ammotel.sk\/?s={search_term_string}"},"query-input":{"@type":"PropertyValueSpecification","valueRequired":true,"valueName":"search_term_string"}}],"inLanguage":"en-GB"},{"@type":"Organization","@id":"https:\/\/www.ammotel.sk\/#organization","name":"AM Motel","alternateName":"Ubytovanie v Rimavskej Sobote","url":"https:\/\/www.ammotel.sk\/","logo":{"@type":"ImageObject","inLanguage":"en-GB","@id":"https:\/\/www.ammotel.sk\/#\/schema\/logo\/image\/","url":"https:\/\/www.ammotel.sk\/wp-content\/uploads\/2024\/03\/am_hotel_logos_Artboard_1_copy_21-removebg-preview.png","contentUrl":"https:\/\/www.ammotel.sk\/wp-content\/uploads\/2024\/03\/am_hotel_logos_Artboard_1_copy_21-removebg-preview.png","width":514,"height":486,"caption":"AM Motel"},"image":{"@id":"https:\/\/www.ammotel.sk\/#\/schema\/logo\/image\/"}}]}},"uagb_featured_image_src":{"full":false,"thumbnail":false,"medium":false,"medium_large":false,"large":false,"1536x1536":false,"2048x2048":false,"trp-custom-language-flag":false},"uagb_author_info":{"display_name":"ammotel","author_link":"https:\/\/www.ammotel.sk\/en\/author\/ammotel\/"},"uagb_comment_info":0,"uagb_excerpt":"Spoznajte okolie motela Okolie motela Okrem komfortn\u00e9ho ubytovania v moteli AM Motel v Rimavskej Sobote si u\u017eijete aj kr\u00e1sy okolia. Nav\u0161t\u00edvte K\u00fapalisko Kurinec &#8211; Zelen\u00e1 voda, odd\u00fdchnite si vo wellness centre v hoteli AM Hotel Wellness v centre mesta, alebo presk\u00famajte historick\u00e9 pamiatky a malebn\u00e9 uli\u010dky Rimavskej Soboty. Rezerv\u00e1cia Zelen\u00e1 voda Kurinec Rekrea\u010dn\u00e1 oblas\u0165 Kurinec&hellip;","_links":{"self":[{"href":"https:\/\/www.ammotel.sk\/en\/wp-json\/wp\/v2\/pages\/146","targetHints":{"allow":["GET"]}}],"collection":[{"href":"https:\/\/www.ammotel.sk\/en\/wp-json\/wp\/v2\/pages"}],"about":[{"href":"https:\/\/www.ammotel.sk\/en\/wp-json\/wp\/v2\/types\/page"}],"author":[{"embeddable":true,"href":"https:\/\/www.ammotel.sk\/en\/wp-json\/wp\/v2\/users\/1"}],"replies":[{"embeddable":true,"href":"https:\/\/www.ammotel.sk\/en\/wp-json\/wp\/v2\/comments?post=146"}],"version-history":[{"count":6,"href":"https:\/\/www.ammotel.sk\/en\/wp-json\/wp\/v2\/pages\/146\/revisions"}],"predecessor-version":[{"id":1542,"href":"https:\/\/www.ammotel.sk\/en\/wp-json\/wp\/v2\/pages\/146\/revisions\/1542"}],"wp:attachment":[{"href":"https:\/\/www.ammotel.sk\/en\/wp-json\/wp\/v2\/media?parent=146"}],"curies":[{"name":"wp","href":"https:\/\/api.w.org\/{rel}","templated":true}]}}